{"id":4088,"date":"2021-09-29T02:41:32","date_gmt":"2021-09-29T02:41:32","guid":{"rendered":"https:\/\/idcmi.net\/?page_id=4088"},"modified":"2021-09-29T02:43:28","modified_gmt":"2021-09-29T02:43:28","slug":"mt-trading-international","status":"publish","type":"page","link":"https:\/\/idcmi.net\/fr\/mt-trading-international\/","title":{"rendered":"MT Trading International"},"content":{"rendered":"<div data-elementor-type=\"wp-page\" data-elementor-id=\"4088\" class=\"elementor elementor-4088\" data-elementor-settings=\"{&quot;ha_cmc_init_switcher&quot;:&quot;no&quot;}\" data-elementor-post-type=\"page\">\n\t\t\t\t\t\t<section class=\"elementor-section elementor-top-section elementor-element elementor-element-31ab852 elementor-section-stretched elementor-section-boxed elementor-section-height-default elementor-section-height-default\" data-id=\"31ab852\" data-element_type=\"section\" data-settings=\"{&quot;background_background&quot;:&quot;classic&quot;,&quot;stretch_section&quot;:&quot;section-stretched&quot;,&quot;background_motion_fx_motion_fx_scrolling&quot;:&quot;yes&quot;,&quot;background_motion_fx_devices&quot;:[&quot;desktop&quot;,&quot;tablet&quot;,&quot;mobile&quot;],&quot;_ha_eqh_enable&quot;:false}\">\r\n\t\t\t\t\t\t<div class=\"elementor-container elementor-column-gap-default\" >\r\n\t\t\t        <div class=\"elementor-column elementor-col-50 elementor-top-column elementor-element elementor-element-48b83b7e\" data-id=\"48b83b7e\" data-element_type=\"column\" data-settings=\"{&quot;background_background&quot;:&quot;classic&quot;}\">\r\n            <div class=\"elementor-widget-wrap\">\r\n                            <\/div>\r\n        <\/div>\r\n                <div class=\"elementor-column elementor-col-50 elementor-top-column elementor-element elementor-element-3dca37c8\" data-id=\"3dca37c8\" data-element_type=\"column\" data-settings=\"{&quot;background_background&quot;:&quot;classic&quot;}\">\r\n            <div class=\"elementor-widget-wrap elementor-element-populated\">\r\n                \t\t<div class=\"elementor-element elementor-element-1a3d96b8 elementor-widget elementor-widget-heading\" data-id=\"1a3d96b8\" data-element_type=\"widget\" data-widget_type=\"heading.default\">\n\t\t\t\t<div class=\"elementor-widget-container\">\n\t\t\t\t\t<h2 class=\"elementor-heading-title elementor-size-default\">Entreprise de D\u00e9veloppement International<\/h2>\t\t\t\t<\/div>\n\t\t\t\t<\/div>\n\t\t\t\t<div class=\"elementor-element elementor-element-378f1e11 elementor-widget elementor-widget-heading\" data-id=\"378f1e11\" data-element_type=\"widget\" data-widget_type=\"heading.default\">\n\t\t\t\t<div class=\"elementor-widget-container\">\n\t\t\t\t\t<h2 class=\"elementor-heading-title elementor-size-default\">Projets<\/h2>\t\t\t\t<\/div>\n\t\t\t\t<\/div>\n\t\t            <\/div>\r\n        <\/div>\r\n        \t\t\t<\/div>\r\n\t\t<\/section>\r\n\t\t\t\t<section class=\"elementor-section elementor-top-section elementor-element elementor-element-97995c7 elementor-section-boxed elementor-section-height-default elementor-section-height-default\" data-id=\"97995c7\" data-element_type=\"section\" data-settings=\"{&quot;_ha_eqh_enable&quot;:false}\">\r\n\t\t\t\t\t\t<div class=\"elementor-container elementor-column-gap-default\" >\r\n\t\t\t        <div class=\"elementor-column elementor-col-100 elementor-top-column elementor-element elementor-element-22b9562\" data-id=\"22b9562\" data-element_type=\"column\">\r\n            <div class=\"elementor-widget-wrap elementor-element-populated\">\r\n                \t\t<div class=\"elementor-element elementor-element-cc781cc elementor-nav-menu__align-center elementor-nav-menu--dropdown-tablet elementor-nav-menu__text-align-aside elementor-nav-menu--toggle elementor-nav-menu--burger elementor-widget elementor-widget-nav-menu\" data-id=\"cc781cc\" data-element_type=\"widget\" data-settings=\"{&quot;layout&quot;:&quot;horizontal&quot;,&quot;submenu_icon&quot;:{&quot;value&quot;:&quot;&lt;i class=\\&quot;fas fa-caret-down\\&quot;&gt;&lt;\\\/i&gt;&quot;,&quot;library&quot;:&quot;fa-solid&quot;},&quot;toggle&quot;:&quot;burger&quot;}\" data-widget_type=\"nav-menu.default\">\n\t\t\t\t<div class=\"elementor-widget-container\">\n\t\t\t\t\t\t\t\t<nav aria-label=\"Menu\" class=\"elementor-nav-menu--main elementor-nav-menu__container elementor-nav-menu--layout-horizontal e--pointer-underline e--animation-fade\">\n\t\t\t\t<ul id=\"menu-1-cc781cc\" class=\"elementor-nav-menu\"><li class=\"menu-item menu-item-type-custom menu-item-object-custom menu-item-has-children menu-item-2471\"><a href=\"#\" class=\"elementor-item elementor-item-anchor\">Produits<\/a>\n<ul class=\"sub-menu elementor-nav-menu--dropdown\">\n\t<li class=\"menu-item menu-item-type-post_type menu-item-object-page menu-item-2474\"><a href=\"https:\/\/idcmi.net\/fr\/non-combustible-a2-aluminum-composite-panel\/\" class=\"elementor-sub-item\">Incombustible A2 ACP<\/a><\/li>\n\t<li class=\"menu-item menu-item-type-post_type menu-item-object-page menu-item-2473\"><a href=\"https:\/\/idcmi.net\/fr\/fire-retardant-b-aluminum-composite-panel\/\" class=\"elementor-sub-item\">Ignifuge B ACP<\/a><\/li>\n<\/ul>\n<\/li>\n<li class=\"menu-item menu-item-type-custom menu-item-object-custom menu-item-has-children menu-item-2475\"><a href=\"#\" class=\"elementor-item elementor-item-anchor\">Sp\u00e9cificit\u00e9s<\/a>\n<ul class=\"sub-menu elementor-nav-menu--dropdown\">\n\t<li class=\"menu-item menu-item-type-post_type menu-item-object-page menu-item-2479\"><a href=\"https:\/\/idcmi.net\/fr\/panel-dimension\/\" class=\"elementor-sub-item\">Dimensions des panneaux<\/a><\/li>\n\t<li class=\"menu-item menu-item-type-post_type menu-item-object-page menu-item-3774\"><a href=\"https:\/\/idcmi.net\/fr\/technical-specs\/\" class=\"elementor-sub-item\">Sp\u00e9cificit\u00e9s techniques<\/a><\/li>\n\t<li class=\"menu-item menu-item-type-post_type menu-item-object-page menu-item-2478\"><a href=\"https:\/\/idcmi.net\/fr\/panel-tolerance\/\" class=\"elementor-sub-item\">Tol\u00e9rance des panneaux<\/a><\/li>\n\t<li class=\"menu-item menu-item-type-post_type menu-item-object-page menu-item-2477\"><a href=\"https:\/\/idcmi.net\/fr\/applications\/\" class=\"elementor-sub-item\">Usages<\/a><\/li>\n\t<li class=\"menu-item menu-item-type-post_type menu-item-object-page menu-item-2476\"><a href=\"https:\/\/idcmi.net\/fr\/characteristics\/\" class=\"elementor-sub-item\">Caract\u00e9ristiques<\/a><\/li>\n<\/ul>\n<\/li>\n<li class=\"menu-item menu-item-type-post_type menu-item-object-page menu-item-2481\"><a href=\"https:\/\/idcmi.net\/fr\/colour-chart\/\" class=\"elementor-item\">Charte des couleurs<\/a><\/li>\n<li class=\"menu-item menu-item-type-post_type menu-item-object-page menu-item-2480\"><a href=\"https:\/\/idcmi.net\/fr\/certificates-test-reports\/\" class=\"elementor-item\">Certificats et rapports de test<\/a><\/li>\n<li class=\"menu-item menu-item-type-custom menu-item-object-custom menu-item-has-children menu-item-3490\"><a href=\"#\" class=\"elementor-item elementor-item-anchor\">Projets<\/a>\n<ul class=\"sub-menu elementor-nav-menu--dropdown\">\n\t<li class=\"menu-item menu-item-type-post_type menu-item-object-page menu-item-2482\"><a href=\"https:\/\/idcmi.net\/fr\/idcmi-management\/\" class=\"elementor-sub-item\">Gestion de IDCMI<\/a><\/li>\n\t<li class=\"menu-item menu-item-type-post_type menu-item-object-page menu-item-3494\"><a href=\"https:\/\/idcmi.net\/fr\/al-shark-platform\/\" class=\"elementor-sub-item\">Plateforme Al Shark<\/a><\/li>\n\t<li class=\"menu-item menu-item-type-post_type menu-item-object-page menu-item-3491\"><a href=\"https:\/\/idcmi.net\/fr\/group-nine-company\/\" class=\"elementor-sub-item\">Entreprises Group Nine<\/a><\/li>\n\t<li class=\"menu-item menu-item-type-post_type menu-item-object-page menu-item-3492\"><a href=\"https:\/\/idcmi.net\/fr\/arak-al-nokhba\/\" class=\"elementor-sub-item\">Arak Al Nokhba<\/a><\/li>\n<\/ul>\n<\/li>\n<\/ul>\t\t\t<\/nav>\n\t\t\t\t\t<div class=\"elementor-menu-toggle\" role=\"button\" tabindex=\"0\" aria-label=\"Menu Toggle\" aria-expanded=\"false\">\n\t\t\t<i aria-hidden=\"true\" role=\"presentation\" class=\"elementor-menu-toggle__icon--open eicon-menu-bar\"><\/i><i aria-hidden=\"true\" role=\"presentation\" class=\"elementor-menu-toggle__icon--close eicon-close\"><\/i>\t\t\t<span class=\"elementor-screen-only\">Menu<\/span>\n\t\t<\/div>\n\t\t\t\t\t<nav class=\"elementor-nav-menu--dropdown elementor-nav-menu__container\" aria-hidden=\"true\">\n\t\t\t\t<ul id=\"menu-2-cc781cc\" class=\"elementor-nav-menu\"><li class=\"menu-item menu-item-type-custom menu-item-object-custom menu-item-has-children menu-item-2471\"><a href=\"#\" class=\"elementor-item elementor-item-anchor\" tabindex=\"-1\">Produits<\/a>\n<ul class=\"sub-menu elementor-nav-menu--dropdown\">\n\t<li class=\"menu-item menu-item-type-post_type menu-item-object-page menu-item-2474\"><a href=\"https:\/\/idcmi.net\/fr\/non-combustible-a2-aluminum-composite-panel\/\" class=\"elementor-sub-item\" tabindex=\"-1\">Incombustible A2 ACP<\/a><\/li>\n\t<li class=\"menu-item menu-item-type-post_type menu-item-object-page menu-item-2473\"><a href=\"https:\/\/idcmi.net\/fr\/fire-retardant-b-aluminum-composite-panel\/\" class=\"elementor-sub-item\" tabindex=\"-1\">Ignifuge B ACP<\/a><\/li>\n<\/ul>\n<\/li>\n<li class=\"menu-item menu-item-type-custom menu-item-object-custom menu-item-has-children menu-item-2475\"><a href=\"#\" class=\"elementor-item elementor-item-anchor\" tabindex=\"-1\">Sp\u00e9cificit\u00e9s<\/a>\n<ul class=\"sub-menu elementor-nav-menu--dropdown\">\n\t<li class=\"menu-item menu-item-type-post_type menu-item-object-page menu-item-2479\"><a href=\"https:\/\/idcmi.net\/fr\/panel-dimension\/\" class=\"elementor-sub-item\" tabindex=\"-1\">Dimensions des panneaux<\/a><\/li>\n\t<li class=\"menu-item menu-item-type-post_type menu-item-object-page menu-item-3774\"><a href=\"https:\/\/idcmi.net\/fr\/technical-specs\/\" class=\"elementor-sub-item\" tabindex=\"-1\">Sp\u00e9cificit\u00e9s techniques<\/a><\/li>\n\t<li class=\"menu-item menu-item-type-post_type menu-item-object-page menu-item-2478\"><a href=\"https:\/\/idcmi.net\/fr\/panel-tolerance\/\" class=\"elementor-sub-item\" tabindex=\"-1\">Tol\u00e9rance des panneaux<\/a><\/li>\n\t<li class=\"menu-item menu-item-type-post_type menu-item-object-page menu-item-2477\"><a href=\"https:\/\/idcmi.net\/fr\/applications\/\" class=\"elementor-sub-item\" tabindex=\"-1\">Usages<\/a><\/li>\n\t<li class=\"menu-item menu-item-type-post_type menu-item-object-page menu-item-2476\"><a href=\"https:\/\/idcmi.net\/fr\/characteristics\/\" class=\"elementor-sub-item\" tabindex=\"-1\">Caract\u00e9ristiques<\/a><\/li>\n<\/ul>\n<\/li>\n<li class=\"menu-item menu-item-type-post_type menu-item-object-page menu-item-2481\"><a href=\"https:\/\/idcmi.net\/fr\/colour-chart\/\" class=\"elementor-item\" tabindex=\"-1\">Charte des couleurs<\/a><\/li>\n<li class=\"menu-item menu-item-type-post_type menu-item-object-page menu-item-2480\"><a href=\"https:\/\/idcmi.net\/fr\/certificates-test-reports\/\" class=\"elementor-item\" tabindex=\"-1\">Certificats et rapports de test<\/a><\/li>\n<li class=\"menu-item menu-item-type-custom menu-item-object-custom menu-item-has-children menu-item-3490\"><a href=\"#\" class=\"elementor-item elementor-item-anchor\" tabindex=\"-1\">Projets<\/a>\n<ul class=\"sub-menu elementor-nav-menu--dropdown\">\n\t<li class=\"menu-item menu-item-type-post_type menu-item-object-page menu-item-2482\"><a href=\"https:\/\/idcmi.net\/fr\/idcmi-management\/\" class=\"elementor-sub-item\" tabindex=\"-1\">Gestion de IDCMI<\/a><\/li>\n\t<li class=\"menu-item menu-item-type-post_type menu-item-object-page menu-item-3494\"><a href=\"https:\/\/idcmi.net\/fr\/al-shark-platform\/\" class=\"elementor-sub-item\" tabindex=\"-1\">Plateforme Al Shark<\/a><\/li>\n\t<li class=\"menu-item menu-item-type-post_type menu-item-object-page menu-item-3491\"><a href=\"https:\/\/idcmi.net\/fr\/group-nine-company\/\" class=\"elementor-sub-item\" tabindex=\"-1\">Entreprises Group Nine<\/a><\/li>\n\t<li class=\"menu-item menu-item-type-post_type menu-item-object-page menu-item-3492\"><a href=\"https:\/\/idcmi.net\/fr\/arak-al-nokhba\/\" class=\"elementor-sub-item\" tabindex=\"-1\">Arak Al Nokhba<\/a><\/li>\n<\/ul>\n<\/li>\n<\/ul>\t\t\t<\/nav>\n\t\t\t\t\t\t<\/div>\n\t\t\t\t<\/div>\n\t\t            <\/div>\r\n        <\/div>\r\n        \t\t\t<\/div>\r\n\t\t<\/section>\r\n\t\t\t\t<section class=\"elementor-section elementor-top-section elementor-element elementor-element-2022d50 elementor-section-boxed elementor-section-height-default elementor-section-height-default\" data-id=\"2022d50\" data-element_type=\"section\" data-settings=\"{&quot;_ha_eqh_enable&quot;:false}\">\r\n\t\t\t\t\t\t<div class=\"elementor-container elementor-column-gap-default\" >\r\n\t\t\t        <div class=\"elementor-column elementor-col-100 elementor-top-column elementor-element elementor-element-9d11b28\" data-id=\"9d11b28\" data-element_type=\"column\">\r\n            <div class=\"elementor-widget-wrap elementor-element-populated\">\r\n                \t\t<div class=\"elementor-element elementor-element-f8ef53a elementor-widget elementor-widget-heading\" data-id=\"f8ef53a\" data-element_type=\"widget\" data-widget_type=\"heading.default\">\n\t\t\t\t<div class=\"elementor-widget-container\">\n\t\t\t\t\t<h3 class=\"elementor-heading-title elementor-size-default\">Agent Aluclad en R\u00e9publique du S\u00e9n\u00e9gal<\/h3>\t\t\t\t<\/div>\n\t\t\t\t<\/div>\n\t\t\t\t<div class=\"elementor-element elementor-element-1a19c34 elementor-widget elementor-widget-spacer\" data-id=\"1a19c34\" data-element_type=\"widget\" data-widget_type=\"spacer.default\">\n\t\t\t\t<div class=\"elementor-widget-container\">\n\t\t\t\t\t\t\t<div class=\"elementor-spacer\">\n\t\t\t<div class=\"elementor-spacer-inner\"><\/div>\n\t\t<\/div>\n\t\t\t\t\t\t<\/div>\n\t\t\t\t<\/div>\n\t\t            <\/div>\r\n        <\/div>\r\n        \t\t\t<\/div>\r\n\t\t<\/section>\r\n\t\t\t\t<\/div>","protected":false},"excerpt":{"rendered":"<p>IDCMI Projects Aluclad Agent in the Republic of Senegal<\/p>","protected":false},"author":1,"featured_media":0,"parent":0,"menu_order":0,"comment_status":"closed","ping_status":"closed","template":"","meta":{"om_disable_all_campaigns":false,"_monsterinsights_skip_tracking":false,"_monsterinsights_sitenote_active":false,"_monsterinsights_sitenote_note":"","_monsterinsights_sitenote_category":0,"footnotes":""},"class_list":["post-4088","page","type-page","status-publish","hentry"],"_links":{"self":[{"href":"https:\/\/idcmi.net\/fr\/wp-json\/wp\/v2\/pages\/4088","targetHints":{"allow":["GET"]}}],"collection":[{"href":"https:\/\/idcmi.net\/fr\/wp-json\/wp\/v2\/pages"}],"about":[{"href":"https:\/\/idcmi.net\/fr\/wp-json\/wp\/v2\/types\/page"}],"author":[{"embeddable":true,"href":"https:\/\/idcmi.net\/fr\/wp-json\/wp\/v2\/users\/1"}],"replies":[{"embeddable":true,"href":"https:\/\/idcmi.net\/fr\/wp-json\/wp\/v2\/comments?post=4088"}],"version-history":[{"count":6,"href":"https:\/\/idcmi.net\/fr\/wp-json\/wp\/v2\/pages\/4088\/revisions"}],"predecessor-version":[{"id":4443,"href":"https:\/\/idcmi.net\/fr\/wp-json\/wp\/v2\/pages\/4088\/revisions\/4443"}],"wp:attachment":[{"href":"https:\/\/idcmi.net\/fr\/wp-json\/wp\/v2\/media?parent=4088"}],"curies":[{"name":"wp","href":"https:\/\/api.w.org\/{rel}","templated":true}]}}