{"id":17,"date":"2019-12-03T01:47:17","date_gmt":"2019-12-03T01:47:17","guid":{"rendered":"https:\/\/demo.cmssuperheroes.com\/themeforest\/facmaster\/?page_id=17"},"modified":"2021-09-21T14:39:39","modified_gmt":"2021-09-21T14:39:39","slug":"about-us","status":"publish","type":"page","link":"https:\/\/idcmi.net\/fr\/about-us\/","title":{"rendered":"A propos de nous"},"content":{"rendered":"<div data-elementor-type=\"wp-page\" data-elementor-id=\"17\" class=\"elementor elementor-17\" data-elementor-settings=\"{&quot;ha_cmc_init_switcher&quot;:&quot;no&quot;}\" data-elementor-post-type=\"page\">\n\t\t\t\t\t\t<section class=\"elementor-section elementor-top-section elementor-element elementor-element-66ffc4b elementor-section-stretched elementor-section-boxed elementor-section-height-default elementor-section-height-default\" data-id=\"66ffc4b\" data-element_type=\"section\" data-settings=\"{&quot;stretch_section&quot;:&quot;section-stretched&quot;,&quot;_ha_eqh_enable&quot;:false}\">\r\n\t\t\t\t\t\t<div class=\"elementor-container elementor-column-gap-default\" >\r\n\t\t\t        <div class=\"elementor-column elementor-col-100 elementor-top-column elementor-element elementor-element-5e47e04\" data-id=\"5e47e04\" data-element_type=\"column\">\r\n            <div class=\"elementor-widget-wrap elementor-element-populated\">\r\n                \t\t<div class=\"elementor-element elementor-element-14e6357 elementor-widget elementor-widget-slider_revolution\" data-id=\"14e6357\" data-element_type=\"widget\" data-widget_type=\"slider_revolution.default\">\n\t\t\t\t<div class=\"elementor-widget-container\">\n\t\t\t\t\t\n\t\t<div class=\"wp-block-themepunch-revslider\">\n\t\t\t<!-- START Home 1 REVOLUTION SLIDER 6.7.18 --><p class=\"rs-p-wp-fix\"><\/p>\n\t\t\t<rs-module-wrap id=\"rev_slider_1_1_wrapper\" data-source=\"gallery\" style=\"visibility:hidden;background:transparent;padding:0;margin:0px auto;margin-top:0;margin-bottom:0;\">\n\t\t\t\t<rs-module id=\"rev_slider_1_1\" style=\"\" data-version=\"6.7.18\">\n\t\t\t\t\t<rs-slides style=\"overflow: hidden; position: absolute;\">\n\t\t\t\t\t\t<rs-slide style=\"position: absolute;\" data-key=\"rs-2\" data-title=\"of Aluminum Composite Pane\" data-thumb=\"\/\/idcmi.net\/wp-content\/uploads\/2020\/12\/IDCMI-Fin-scaled-50x100.jpg\" data-anim=\"ms:1000;r:0;\" data-in=\"o:0;\" data-out=\"a:false;\">\n\t\t\t\t\t\t\t<img fetchpriority=\"high\" decoding=\"async\" src=\"\/\/idcmi.net\/wp-content\/plugins\/revslider\/sr6\/assets\/assets\/dummy.png\" alt=\"\" title=\"IDCMI-Fin\" width=\"2560\" height=\"1707\" class=\"rev-slidebg tp-rs-img rs-lazyload\" data-lazyload=\"\/\/idcmi.net\/wp-content\/uploads\/2020\/12\/IDCMI-Fin-scaled.jpg\" data-parallax=\"off\" data-no-retina>\n<!--\n\t\t\t\t\t\t\t--><rs-layer\n\t\t\t\t\t\t\t\tid=\"slider-1-slide-2-layer-3\" \n\t\t\t\t\t\t\t\tdata-type=\"text\"\n\t\t\t\t\t\t\t\tdata-color=\"#fff\"\n\t\t\t\t\t\t\t\tdata-tsh=\"c:rgba(0,0,0,0.75);h:5px,4px,3px,1px;b:10px,8px,6px,3px;\"\n\t\t\t\t\t\t\t\tdata-rsp_ch=\"on\"\n\t\t\t\t\t\t\t\tdata-xy=\"xo:49px,40px,30px,18px;yo:34px,28px,21px,12px;\"\n\t\t\t\t\t\t\t\tdata-text=\"w:normal;s:37,30,22,13;l:46,38,28,17;fw:900;\"\n\t\t\t\t\t\t\t\tdata-dim=\"minh:0,none,none,none;\"\n\t\t\t\t\t\t\t\tdata-frame_0=\"o:1;\"\n\t\t\t\t\t\t\t\tdata-frame_0_chars=\"d:5;x:105%;o:1;rY:45deg;rZ:90deg;\"\n\t\t\t\t\t\t\t\tdata-frame_0_mask=\"u:t;\"\n\t\t\t\t\t\t\t\tdata-frame_1=\"x:1px,0px,0px,0px;y:-1px,0px,0px,0px;sp:1200;\"\n\t\t\t\t\t\t\t\tdata-frame_1_chars=\"e:power4.inOut;d:10;rZ:0deg;\"\n\t\t\t\t\t\t\t\tdata-frame_1_mask=\"u:t;\"\n\t\t\t\t\t\t\t\tdata-frame_999=\"o:0;st:w;\"\n\t\t\t\t\t\t\t\tstyle=\"z-index:8;font-family:'Roboto';text-transform:uppercase;\"\n\t\t\t\t\t\t\t>Entreprise de D\u00e9veloppement International  \n\t\t\t\t\t\t\t<\/rs-layer><!--\n\n\t\t\t\t\t\t\t--><rs-layer\n\t\t\t\t\t\t\t\tid=\"slider-1-slide-2-layer-4\" \n\t\t\t\t\t\t\t\tdata-type=\"text\"\n\t\t\t\t\t\t\t\tdata-color=\"#fff\"\n\t\t\t\t\t\t\t\tdata-tsh=\"c:rgba(0,0,0,0.75);h:5px,4px,3px,1px;b:10px,8px,6px,3px;\"\n\t\t\t\t\t\t\t\tdata-rsp_ch=\"on\"\n\t\t\t\t\t\t\t\tdata-xy=\"xo:53px,44px,33px,20px;yo:79px,65px,49px,30px;\"\n\t\t\t\t\t\t\t\tdata-text=\"w:normal;s:18,14,10,6;l:20,16,12,7;ls:1,0,0,0;fw:500;\"\n\t\t\t\t\t\t\t\tdata-dim=\"minh:0,none,none,none;\"\n\t\t\t\t\t\t\t\tdata-frame_0=\"rX:70deg;oZ:-50;\"\n\t\t\t\t\t\t\t\tdata-frame_1=\"x:-3px,-2px,-1px,0px;y:-1px,0px,0px,0px;oZ:-50;e:power4.inOut;sp:1750;\"\n\t\t\t\t\t\t\t\tdata-frame_999=\"o:0;st:w;\"\n\t\t\t\t\t\t\t\tstyle=\"z-index:9;font-family:'Roboto';\"\n\t\t\t\t\t\t\t>de l\u2019Industrie du M\u00e9tal \n\t\t\t\t\t\t\t<\/rs-layer><!--\n-->\t\t\t\t\t<\/rs-slide>\n\t\t\t\t\t\t<rs-slide style=\"position: absolute;\" data-key=\"rs-9\" data-title=\"Slide\" data-thumb=\"\/\/idcmi.net\/wp-content\/uploads\/2020\/12\/IMG_22322-50x100.jpg\" data-anim=\"ms:1000;r:0;\" data-in=\"o:0;\" data-out=\"a:false;\">\n\t\t\t\t\t\t\t<img decoding=\"async\" src=\"\/\/idcmi.net\/wp-content\/plugins\/revslider\/sr6\/assets\/assets\/dummy.png\" alt=\"\" title=\"IMG_2232(2)\" width=\"2263\" height=\"1510\" class=\"rev-slidebg tp-rs-img rs-lazyload\" data-lazyload=\"\/\/idcmi.net\/wp-content\/uploads\/2020\/12\/IMG_22322.jpg\" data-parallax=\"off\" data-panzoom=\"d:10000;ss:110%;se:100;\" data-no-retina>\n<!--\n\t\t\t\t\t\t\t--><rs-layer\n\t\t\t\t\t\t\t\tid=\"slider-1-slide-9-layer-6\" \n\t\t\t\t\t\t\t\tdata-type=\"text\"\n\t\t\t\t\t\t\t\tdata-color=\"#fff\"\n\t\t\t\t\t\t\t\tdata-bsh=\"c:rgba(0,0,0,0.15);h:5px,4px,3px,1px;v:5px,4px,3px,1px;b:10px,8px,6px,3px;\"\n\t\t\t\t\t\t\t\tdata-tsh=\"c:rgba(0,0,0,0.75);v:10px,8px,6px,3px;b:10px,8px,6px,3px;\"\n\t\t\t\t\t\t\t\tdata-rsp_ch=\"on\"\n\t\t\t\t\t\t\t\tdata-xy=\"xo:157px,130px,98px,60px;yo:142px,118px,89px,54px;\"\n\t\t\t\t\t\t\t\tdata-text=\"w:normal;s:35,29,22,13;l:50,41,31,19;fw:900;a:center;\"\n\t\t\t\t\t\t\t\tdata-dim=\"h:254px,211px,160px,98px;minh:0px,none,none,none;\"\n\t\t\t\t\t\t\t\tdata-frame_0=\"sX:0.9;sY:0.9;\"\n\t\t\t\t\t\t\t\tdata-frame_1=\"e:power2.inOut;sp:1000;\"\n\t\t\t\t\t\t\t\tdata-frame_999=\"o:0;st:w;\"\n\t\t\t\t\t\t\t\tstyle=\"z-index:8;font-family:'Roboto';text-transform:uppercase;\"\n\t\t\t\t\t\t\t>Pour le rev\u00eatement de fa\u00e7ade ext\u00e9rieure et la finition int\u00e9rieure  \n\t\t\t\t\t\t\t<\/rs-layer><!--\n\n\t\t\t\t\t\t\t--><rs-layer\n\t\t\t\t\t\t\t\tid=\"slider-1-slide-9-layer-7\" \n\t\t\t\t\t\t\t\tdata-type=\"text\"\n\t\t\t\t\t\t\t\tdata-color=\"#fff\"\n\t\t\t\t\t\t\t\tdata-tsh=\"c:rgba(0,0,0,0.75);h:5px,4px,3px,1px;b:10px,8px,6px,3px;\"\n\t\t\t\t\t\t\t\tdata-rsp_ch=\"on\"\n\t\t\t\t\t\t\t\tdata-xy=\"xo:297px,247px,187px,115px;yo:195px,162px,123px,75px;\"\n\t\t\t\t\t\t\t\tdata-text=\"w:normal;s:36,29,22,13;l:40,33,25,15;ls:1,0,0,0;fw:500;\"\n\t\t\t\t\t\t\t\tdata-dim=\"minh:0px,none,none,none;\"\n\t\t\t\t\t\t\t\tdata-frame_0=\"x:175%;o:1;\"\n\t\t\t\t\t\t\t\tdata-frame_0_mask=\"u:t;x:-100%;\"\n\t\t\t\t\t\t\t\tdata-frame_1=\"e:power3.out;sp:1000;\"\n\t\t\t\t\t\t\t\tdata-frame_1_mask=\"u:t;\"\n\t\t\t\t\t\t\t\tdata-frame_999=\"o:0;st:w;\"\n\t\t\t\t\t\t\t\tstyle=\"z-index:9;font-family:'Roboto';\"\n\t\t\t\t\t\t\t>N\u00e9cessaire pour le secteur de la construction. \n\t\t\t\t\t\t\t<\/rs-layer><!--\n-->\t\t\t\t\t<\/rs-slide>\n\t\t\t\t\t<\/rs-slides>\n\t\t\t\t<\/rs-module>\n\t\t\t\t<script>\n\t\t\t\t\tsetREVStartSize({c: 'rev_slider_1_1',rl:[1240,1024,778,480],el:[448,848,640,580],gw:[1230,1024,778,480],gh:[448,848,640,580],type:'standard',justify:'',layout:'fullwidth',mh:\"0\"});if (window.RS_MODULES!==undefined && window.RS_MODULES.modules!==undefined && window.RS_MODULES.modules[\"revslider11\"]!==undefined) {window.RS_MODULES.modules[\"revslider11\"].once = false;window.revapi1 = undefined;if (window.RS_MODULES.checkMinimal!==undefined) window.RS_MODULES.checkMinimal()}\n\t\t\t\t<\/script>\n\t\t\t<\/rs-module-wrap>\n\t\t\t<!-- END REVOLUTION SLIDER -->\n<\/div>\n\n\t\t\t\t\t\t<\/div>\n\t\t\t\t<\/div>\n\t\t            <\/div>\r\n        <\/div>\r\n        \t\t\t<\/div>\r\n\t\t<\/section>\r\n\t\t\t\t<section class=\"elementor-section elementor-top-section elementor-element elementor-element-ccda3c1 elementor-section-stretched elementor-section-boxed elementor-section-height-default elementor-section-height-default\" data-id=\"ccda3c1\" data-element_type=\"section\" data-settings=\"{&quot;stretch_section&quot;:&quot;section-stretched&quot;,&quot;background_background&quot;:&quot;classic&quot;,&quot;_ha_eqh_enable&quot;:false}\">\r\n\t\t\t\t\t\t\t<div class=\"elementor-background-overlay\"><\/div>\r\n\t\t\t\t\t\t\t<div class=\"elementor-container elementor-column-gap-extended\" >\r\n\t\t\t        <div class=\"elementor-column elementor-col-66 elementor-top-column elementor-element elementor-element-0ad3502\" data-id=\"0ad3502\" data-element_type=\"column\">\r\n            <div class=\"elementor-widget-wrap elementor-element-populated\">\r\n                \t\t<div class=\"elementor-element elementor-element-5408813 elementor-widget elementor-widget-cms_heading\" data-id=\"5408813\" data-element_type=\"widget\" data-widget_type=\"cms_heading.default\">\n\t\t\t\t<div class=\"elementor-widget-container\">\n\t\t\t\t\t<div class=\"cms-heading-wrapper cms-heading-layout1\">\r\n            <div class=\"custom-subheading\">Nous proposons des Solutions Produits innovantes pour un progr\u00e8s durable<\/div>\r\n    \r\n            <h3 class=\"custom-heading\">\r\n            <span >Portfolio Digital<\/span>\r\n        <\/h3>\r\n        \r\n        \r\n    <\/div>\t\t\t\t<\/div>\n\t\t\t\t<\/div>\n\t\t            <\/div>\r\n        <\/div>\r\n                <div class=\"elementor-column elementor-col-33 elementor-top-column elementor-element elementor-element-0d6f628\" data-id=\"0d6f628\" data-element_type=\"column\">\r\n            <div class=\"elementor-widget-wrap elementor-element-populated\">\r\n                \t\t<div class=\"elementor-element elementor-element-8e1f5e5 elementor-widget elementor-widget-image\" data-id=\"8e1f5e5\" data-element_type=\"widget\" data-widget_type=\"image.default\">\n\t\t\t\t<div class=\"elementor-widget-container\">\n\t\t\t\t\t\t\t\t\t\t\t\t\t\t\t\t<a href=\"ftp:\/\/idcmi094@www.idcmi.net\/public_html\/wp-content\/uploads\/certificates\/IDCMIDigitalPortfolio2021.pdf\">\n\t\t\t\t\t\t\t<img decoding=\"async\" width=\"300\" height=\"191\" src=\"https:\/\/idcmi.net\/wp-content\/uploads\/2020\/12\/DIGITAL-300x191.jpg\" class=\"attachment-medium size-medium wp-image-2635\" alt=\"\" srcset=\"https:\/\/idcmi.net\/wp-content\/uploads\/2020\/12\/DIGITAL-300x191.jpg 300w, https:\/\/idcmi.net\/wp-content\/uploads\/2020\/12\/DIGITAL-1024x652.jpg 1024w, https:\/\/idcmi.net\/wp-content\/uploads\/2020\/12\/DIGITAL-768x489.jpg 768w, https:\/\/idcmi.net\/wp-content\/uploads\/2020\/12\/DIGITAL-1536x978.jpg 1536w, https:\/\/idcmi.net\/wp-content\/uploads\/2020\/12\/DIGITAL-600x382.jpg 600w, https:\/\/idcmi.net\/wp-content\/uploads\/2020\/12\/DIGITAL.jpg 1986w\" sizes=\"(max-width: 300px) 100vw, 300px\" \/>\t\t\t\t\t\t\t\t<\/a>\n\t\t\t\t\t\t\t\t\t\t\t\t\t\t\t<\/div>\n\t\t\t\t<\/div>\n\t\t            <\/div>\r\n        <\/div>\r\n        \t\t\t<\/div>\r\n\t\t<\/section>\r\n\t\t\t\t<section class=\"elementor-section elementor-top-section elementor-element elementor-element-3a36e7d elementor-section-boxed elementor-section-height-default elementor-section-height-default\" data-id=\"3a36e7d\" data-element_type=\"section\" data-settings=\"{&quot;_ha_eqh_enable&quot;:false}\">\r\n\t\t\t\t\t\t<div class=\"elementor-container elementor-column-gap-default\" >\r\n\t\t\t        <div class=\"elementor-column elementor-col-33 elementor-top-column elementor-element elementor-element-69cace7\" data-id=\"69cace7\" data-element_type=\"column\">\r\n            <div class=\"elementor-widget-wrap elementor-element-populated\">\r\n                \t\t<div class=\"elementor-element elementor-element-c9984d8 elementor-widget elementor-widget-cms_fancy_box\" data-id=\"c9984d8\" data-element_type=\"widget\" data-widget_type=\"cms_fancy_box.default\">\n\t\t\t\t<div class=\"elementor-widget-container\">\n\t\t\t\t\t<div class=\"cms-fancy-box cms-fancy-box-layout4 style1\">\r\n            <div class=\"item--image\"><a href=\"#\"><img loading=\"lazy\" decoding=\"async\" class=\"\" src=\"https:\/\/idcmi.net\/wp-content\/uploads\/2020\/12\/IDCMIFACTORY-2-600x600.jpg\" width=\"600\" height=\"600\" alt=\"IDCMIFACTORY\" title=\"IDCMIFACTORY\" \/><\/a><\/div>\r\n        <div class=\"item--holder\">\r\n                            <div class=\"item--icon\">\r\n                <img loading=\"lazy\" decoding=\"async\" width=\"77\" height=\"77\" src=\"https:\/\/idcmi.net\/wp-content\/uploads\/2020\/12\/excellance.png\" class=\"attachment-full\" alt=\"\" \/>            <\/div>\r\n                <h3 class=\"item--title\">\r\n            <a href=\"#\">PLANS IDCMI<\/a>\r\n        <\/h3>\r\n        <div class=\"item--description\">Nos plans progressifs d'avoir diverses branches commerciales pour servir le p\u00e9trole, le gaz, l'\u00e9lectricit\u00e9, l'eau et la construction au cours des prochaines ann\u00e9es. <\/div>\r\n    <\/div>\r\n<\/div>\t\t\t\t<\/div>\n\t\t\t\t<\/div>\n\t\t            <\/div>\r\n        <\/div>\r\n                <div class=\"elementor-column elementor-col-33 elementor-top-column elementor-element elementor-element-4be1423\" data-id=\"4be1423\" data-element_type=\"column\">\r\n            <div class=\"elementor-widget-wrap elementor-element-populated\">\r\n                \t\t<div class=\"elementor-element elementor-element-957a781 elementor-widget elementor-widget-cms_fancy_box\" data-id=\"957a781\" data-element_type=\"widget\" data-widget_type=\"cms_fancy_box.default\">\n\t\t\t\t<div class=\"elementor-widget-container\">\n\t\t\t\t\t<div class=\"cms-fancy-box cms-fancy-box-layout4 style2\">\r\n            <div class=\"item--image\"><a href=\"#\"><img loading=\"lazy\" decoding=\"async\" class=\"\" src=\"https:\/\/idcmi.net\/wp-content\/uploads\/2020\/12\/idcmifactory-600x600.jpg\" width=\"600\" height=\"600\" alt=\"idcmifactory\" title=\"idcmifactory\" \/><\/a><\/div>\r\n        <div class=\"item--holder\">\r\n                            <div class=\"item--icon\">\r\n                <img loading=\"lazy\" decoding=\"async\" width=\"77\" height=\"77\" src=\"https:\/\/idcmi.net\/wp-content\/uploads\/2020\/12\/dateicon.png\" class=\"attachment-full\" alt=\"\" \/>            <\/div>\r\n                <h3 class=\"item--title\">\r\n            <a href=\"#\">DATE DE CR\u00c9ATION<\/a>\r\n        <\/h3>\r\n        <div class=\"item--description\">IDCMI, cr\u00e9\u00e9e en 2019 est l'unit\u00e9 industrielle de l'International Development Company LLC (IDC)<\/div>\r\n    <\/div>\r\n<\/div>\t\t\t\t<\/div>\n\t\t\t\t<\/div>\n\t\t            <\/div>\r\n        <\/div>\r\n                <div class=\"elementor-column elementor-col-33 elementor-top-column elementor-element elementor-element-32a34ea\" data-id=\"32a34ea\" data-element_type=\"column\">\r\n            <div class=\"elementor-widget-wrap elementor-element-populated\">\r\n                \t\t<div class=\"elementor-element elementor-element-9132a9c elementor-widget elementor-widget-cms_fancy_box\" data-id=\"9132a9c\" data-element_type=\"widget\" data-widget_type=\"cms_fancy_box.default\">\n\t\t\t\t<div class=\"elementor-widget-container\">\n\t\t\t\t\t<div class=\"cms-fancy-box cms-fancy-box-layout4 style1\">\r\n            <div class=\"item--image\"><a href=\"#\"><img loading=\"lazy\" decoding=\"async\" class=\"\" src=\"https:\/\/idcmi.net\/wp-content\/uploads\/2020\/12\/WhatsApp-Image-2020-02-18-at-11.49.56-AM-600x600.jpg\" width=\"600\" height=\"600\" alt=\"WhatsApp Image 2020-02-18 at 11.49.56 AM\" title=\"WhatsApp Image 2020-02-18 at 11.49.56 AM\" \/><\/a><\/div>\r\n        <div class=\"item--holder\">\r\n                            <div class=\"item--icon\">\r\n                <img loading=\"lazy\" decoding=\"async\" width=\"77\" height=\"77\" src=\"https:\/\/idcmi.net\/wp-content\/uploads\/2020\/12\/portfolio-icon-03.png\" class=\"attachment-full\" alt=\"\" \/>            <\/div>\r\n                <h3 class=\"item--title\">\r\n            <a href=\"#\">ICNES D'EXCELLENCE<\/a>\r\n        <\/h3>\r\n        <div class=\"item--description\">De plus, IDCMI vise l'excellence au-del\u00e0 de la conformit\u00e9, \u00e0 tel point qu'ils sont d\u00e9sormais reconnus comme l'ICNE DE L'EXCELLENCE de facto dans leurs domaines.<\/div>\r\n    <\/div>\r\n<\/div>\t\t\t\t<\/div>\n\t\t\t\t<\/div>\n\t\t            <\/div>\r\n        <\/div>\r\n        \t\t\t<\/div>\r\n\t\t<\/section>\r\n\t\t\t\t<section class=\"elementor-section elementor-top-section elementor-element elementor-element-876d42f elementor-section-boxed elementor-section-height-default elementor-section-height-default\" data-id=\"876d42f\" data-element_type=\"section\" data-settings=\"{&quot;_ha_eqh_enable&quot;:false}\">\r\n\t\t\t\t\t\t<div class=\"elementor-container elementor-column-gap-default\" >\r\n\t\t\t        <div class=\"elementor-column elementor-col-100 elementor-top-column elementor-element elementor-element-67c510f\" data-id=\"67c510f\" data-element_type=\"column\">\r\n            <div class=\"elementor-widget-wrap elementor-element-populated\">\r\n                \t\t<div class=\"elementor-element elementor-element-5286191 elementor-widget elementor-widget-spacer\" data-id=\"5286191\" data-element_type=\"widget\" data-widget_type=\"spacer.default\">\n\t\t\t\t<div class=\"elementor-widget-container\">\n\t\t\t\t\t\t\t<div class=\"elementor-spacer\">\n\t\t\t<div class=\"elementor-spacer-inner\"><\/div>\n\t\t<\/div>\n\t\t\t\t\t\t<\/div>\n\t\t\t\t<\/div>\n\t\t\t\t<div class=\"elementor-element elementor-element-671460d elementor-widget elementor-widget-cms_fancy_box\" data-id=\"671460d\" data-element_type=\"widget\" data-widget_type=\"cms_fancy_box.default\">\n\t\t\t\t<div class=\"elementor-widget-container\">\n\t\t\t\t\t<div class=\"cms-fancy-box cms-fancy-box-layout4 style2\">\r\n        <div class=\"item--holder wow fadeInUp\">\r\n                            <div class=\"item--icon\">\r\n                <img loading=\"lazy\" decoding=\"async\" width=\"77\" height=\"77\" src=\"https:\/\/idcmi.net\/wp-content\/uploads\/2020\/12\/ourvision.png\" class=\"attachment-full\" alt=\"\" \/>            <\/div>\r\n                <h3 class=\"item--title\">\r\n            <a >Notre vision<\/a>\r\n        <\/h3>\r\n        <div class=\"item--description\">\u00catre reconnu comme un leader du march\u00e9 dans chaque r\u00e9gion et secteur dans lequel nous op\u00e9rons en offrant l'excellence gr\u00e2ce au professionnalisme et \u00e0 la qualit\u00e9 de notre personnel, de nos produits et de nos services.<\/div>\r\n    <\/div>\r\n<\/div>\t\t\t\t<\/div>\n\t\t\t\t<\/div>\n\t\t\t\t<div class=\"elementor-element elementor-element-9679d12 elementor-widget elementor-widget-cms_fancy_box\" data-id=\"9679d12\" data-element_type=\"widget\" data-widget_type=\"cms_fancy_box.default\">\n\t\t\t\t<div class=\"elementor-widget-container\">\n\t\t\t\t\t<div class=\"cms-fancy-box cms-fancy-box-layout4 style2\">\r\n        <div class=\"item--holder wow fadeInUp\">\r\n                            <div class=\"item--icon\">\r\n                <img loading=\"lazy\" decoding=\"async\" width=\"77\" height=\"77\" src=\"https:\/\/idcmi.net\/wp-content\/uploads\/2020\/12\/mission.png\" class=\"attachment-full\" alt=\"\" \/>            <\/div>\r\n                <h3 class=\"item--title\">\r\n            <a >Notre mission<\/a>\r\n        <\/h3>\r\n        <div class=\"item--description\">Offrir des produits et services de la plus haute qualit\u00e9 gr\u00e2ce \u00e0 une innovation continue, des normes de meilleures pratiques et une \u00e9quipe de haut calibre de professionnels de premier plan.<\/div>\r\n    <\/div>\r\n<\/div>\t\t\t\t<\/div>\n\t\t\t\t<\/div>\n\t\t\t\t<div class=\"elementor-element elementor-element-b26244f elementor-widget elementor-widget-cms_fancy_box\" data-id=\"b26244f\" data-element_type=\"widget\" data-widget_type=\"cms_fancy_box.default\">\n\t\t\t\t<div class=\"elementor-widget-container\">\n\t\t\t\t\t<div class=\"cms-fancy-box cms-fancy-box-layout4 style2\">\r\n        <div class=\"item--holder wow fadeInUp\">\r\n                            <div class=\"item--icon\">\r\n                <img loading=\"lazy\" decoding=\"async\" width=\"77\" height=\"77\" src=\"https:\/\/idcmi.net\/wp-content\/uploads\/2020\/12\/icon2.png\" class=\"attachment-full\" alt=\"\" \/>            <\/div>\r\n                <h3 class=\"item--title\">\r\n            <a >Valeur de l'entreprise<\/a>\r\n        <\/h3>\r\n        <div class=\"item--description\">Notre principale ressource pr\u00e9cieuse est notre \u00e9quipe de professionnels, et nous nous engageons \u00e0 d\u00e9velopper au maximum le potentiel de chaque individu en utilisant les meilleures m\u00e9thodes et techniques.<\/div>\r\n    <\/div>\r\n<\/div>\t\t\t\t<\/div>\n\t\t\t\t<\/div>\n\t\t\t\t<div class=\"elementor-element elementor-element-21a2af4 elementor-widget elementor-widget-cms_fancy_box\" data-id=\"21a2af4\" data-element_type=\"widget\" data-widget_type=\"cms_fancy_box.default\">\n\t\t\t\t<div class=\"elementor-widget-container\">\n\t\t\t\t\t<div class=\"cms-fancy-box cms-fancy-box-layout4 style2\">\r\n        <div class=\"item--holder wow fadeInUp\">\r\n                            <div class=\"item--icon\">\r\n                <img loading=\"lazy\" decoding=\"async\" width=\"77\" height=\"77\" src=\"https:\/\/idcmi.net\/wp-content\/uploads\/2020\/12\/icon3.png\" class=\"attachment-full\" alt=\"\" \/>            <\/div>\r\n                <h3 class=\"item--title\">\r\n            <a >Int\u00e9grit\u00e9 <\/a>\r\n        <\/h3>\r\n        <div class=\"item--description\">Nous valorisons nos relations avec nos clients, nos coll\u00e8gues et nos pairs. L'honn\u00eatet\u00e9 et la transparence sont les fondements de toutes nos relations. L'int\u00e9grit\u00e9 sous-tend tout ce que nous faisons.<\/div>\r\n    <\/div>\r\n<\/div>\t\t\t\t<\/div>\n\t\t\t\t<\/div>\n\t\t\t\t<div class=\"elementor-element elementor-element-9de2901 elementor-widget elementor-widget-cms_fancy_box\" data-id=\"9de2901\" data-element_type=\"widget\" data-widget_type=\"cms_fancy_box.default\">\n\t\t\t\t<div class=\"elementor-widget-container\">\n\t\t\t\t\t<div class=\"cms-fancy-box cms-fancy-box-layout4 style2\">\r\n        <div class=\"item--holder wow fadeInUp\">\r\n                            <div class=\"item--icon\">\r\n                <img loading=\"lazy\" decoding=\"async\" width=\"77\" height=\"77\" src=\"https:\/\/idcmi.net\/wp-content\/uploads\/2020\/12\/icon1.png\" class=\"attachment-full\" alt=\"\" \/>            <\/div>\r\n                <h3 class=\"item--title\">\r\n            <a >Excellence<\/a>\r\n        <\/h3>\r\n        <div class=\"item--description\">Nous visons l'excellence dans tout ce que nous faisons gr\u00e2ce \u00e0 l'innovation et \u00e0 une volont\u00e9 de d\u00e9passer toutes les attentes.<\/div>\r\n    <\/div>\r\n<\/div>\t\t\t\t<\/div>\n\t\t\t\t<\/div>\n\t\t            <\/div>\r\n        <\/div>\r\n        \t\t\t<\/div>\r\n\t\t<\/section>\r\n\t\t\t\t<\/div>","protected":false},"excerpt":{"rendered":"<p>We provide innovative Product Solutions for sustainable progress DOWNLOAD IDCMI DIGITAL PORTFOLIO IDCMI PLANS Our progressive plans to have various business arms to serve the Oil, Gas, Power, water, &#038; construction during the next few years. DATE OF ESTABLISHMENT IDCMI, established in 2019 is the industrial unit for the International Development Company LLC (IDC) ICONS [&hellip;]<\/p>","protected":false},"author":1,"featured_media":0,"parent":0,"menu_order":0,"comment_status":"closed","ping_status":"closed","template":"","meta":{"om_disable_all_campaigns":false,"_monsterinsights_skip_tracking":false,"_monsterinsights_sitenote_active":false,"_monsterinsights_sitenote_note":"","_monsterinsights_sitenote_category":0,"footnotes":""},"class_list":["post-17","page","type-page","status-publish","hentry"],"_links":{"self":[{"href":"https:\/\/idcmi.net\/fr\/wp-json\/wp\/v2\/pages\/17","targetHints":{"allow":["GET"]}}],"collection":[{"href":"https:\/\/idcmi.net\/fr\/wp-json\/wp\/v2\/pages"}],"about":[{"href":"https:\/\/idcmi.net\/fr\/wp-json\/wp\/v2\/types\/page"}],"author":[{"embeddable":true,"href":"https:\/\/idcmi.net\/fr\/wp-json\/wp\/v2\/users\/1"}],"replies":[{"embeddable":true,"href":"https:\/\/idcmi.net\/fr\/wp-json\/wp\/v2\/comments?post=17"}],"version-history":[{"count":236,"href":"https:\/\/idcmi.net\/fr\/wp-json\/wp\/v2\/pages\/17\/revisions"}],"predecessor-version":[{"id":3839,"href":"https:\/\/idcmi.net\/fr\/wp-json\/wp\/v2\/pages\/17\/revisions\/3839"}],"wp:attachment":[{"href":"https:\/\/idcmi.net\/fr\/wp-json\/wp\/v2\/media?parent=17"}],"curies":[{"name":"wp","href":"https:\/\/api.w.org\/{rel}","templated":true}]}}