{"id":1274,"date":"2020-12-09T20:29:48","date_gmt":"2020-12-09T20:29:48","guid":{"rendered":"https:\/\/idcmi.net\/?page_id=1274"},"modified":"2021-12-23T05:00:10","modified_gmt":"2021-12-23T05:00:10","slug":"aluminum-composite-panel","status":"publish","type":"page","link":"https:\/\/idcmi.net\/fr\/aluminum-composite-panel\/","title":{"rendered":"Aluminum Composite Panel"},"content":{"rendered":"<div data-elementor-type=\"wp-page\" data-elementor-id=\"1274\" class=\"elementor elementor-1274\" data-elementor-settings=\"{&quot;ha_cmc_init_switcher&quot;:&quot;no&quot;}\" data-elementor-post-type=\"page\">\n\t\t\t\t\t\t<section class=\"elementor-section elementor-top-section elementor-element elementor-element-361eb7cb elementor-section-stretched elementor-section-boxed elementor-section-height-default elementor-section-height-default\" data-id=\"361eb7cb\" data-element_type=\"section\" data-settings=\"{&quot;background_background&quot;:&quot;gradient&quot;,&quot;shape_divider_bottom&quot;:&quot;opacity-tilt&quot;,&quot;stretch_section&quot;:&quot;section-stretched&quot;,&quot;_ha_eqh_enable&quot;:false}\">\r\n\t\t\t\t\t\t\t<div class=\"elementor-background-overlay\"><\/div>\r\n\t\t\t\t\t\t<div class=\"elementor-shape elementor-shape-bottom\" data-negative=\"false\">\r\n\t\t\t<svg xmlns=\"http:\/\/www.w3.org\/2000\/svg\" viewbox=\"0 0 2600 131.1\" preserveaspectratio=\"none\">\n\t<path class=\"elementor-shape-fill\" d=\"M0 0L2600 0 2600 69.1 0 0z\"\/>\n\t<path class=\"elementor-shape-fill\" style=\"opacity:0.5\" d=\"M0 0L2600 0 2600 69.1 0 69.1z\"\/>\n\t<path class=\"elementor-shape-fill\" style=\"opacity:0.25\" d=\"M2600 0L0 0 0 130.1 2600 69.1z\"\/>\n<\/svg>\t\t<\/div>\r\n\t\t\t\t\t<div class=\"elementor-container elementor-column-gap-default\" >\r\n\t\t\t        <div class=\"elementor-column elementor-col-100 elementor-top-column elementor-element elementor-element-35be9631\" data-id=\"35be9631\" data-element_type=\"column\">\r\n            <div class=\"elementor-widget-wrap elementor-element-populated\">\r\n                \t\t<div class=\"elementor-element elementor-element-556f496e elementor-widget elementor-widget-heading\" data-id=\"556f496e\" data-element_type=\"widget\" data-widget_type=\"heading.default\">\n\t\t\t\t<div class=\"elementor-widget-container\">\n\t\t\t\t\t<h2 class=\"elementor-heading-title elementor-size-default\">Aluminum<\/h2>\t\t\t\t<\/div>\n\t\t\t\t<\/div>\n\t\t\t\t<div class=\"elementor-element elementor-element-2b48ba9a elementor-widget elementor-widget-heading\" data-id=\"2b48ba9a\" data-element_type=\"widget\" data-widget_type=\"heading.default\">\n\t\t\t\t<div class=\"elementor-widget-container\">\n\t\t\t\t\t<h2 class=\"elementor-heading-title elementor-size-default\">Panneaux d\u2019aluminium composites<\/h2>\t\t\t\t<\/div>\n\t\t\t\t<\/div>\n\t\t            <\/div>\r\n        <\/div>\r\n        \t\t\t<\/div>\r\n\t\t<\/section>\r\n\t\t\t\t<section class=\"elementor-section elementor-top-section elementor-element elementor-element-5b8f1b5 elementor-section-boxed elementor-section-height-default elementor-section-height-default\" data-id=\"5b8f1b5\" data-element_type=\"section\" data-settings=\"{&quot;_ha_eqh_enable&quot;:false}\">\r\n\t\t\t\t\t\t<div class=\"elementor-container elementor-column-gap-default\" >\r\n\t\t\t        <div class=\"elementor-column elementor-col-100 elementor-top-column elementor-element elementor-element-1d986e5\" data-id=\"1d986e5\" data-element_type=\"column\">\r\n            <div class=\"elementor-widget-wrap elementor-element-populated\">\r\n                \t\t<div class=\"elementor-element elementor-element-354c8b0 elementor-nav-menu__align-center elementor-nav-menu--dropdown-tablet elementor-nav-menu__text-align-aside elementor-nav-menu--toggle elementor-nav-menu--burger elementor-widget elementor-widget-nav-menu\" data-id=\"354c8b0\" data-element_type=\"widget\" data-settings=\"{&quot;layout&quot;:&quot;horizontal&quot;,&quot;submenu_icon&quot;:{&quot;value&quot;:&quot;&lt;i class=\\&quot;fas fa-caret-down\\&quot;&gt;&lt;\\\/i&gt;&quot;,&quot;library&quot;:&quot;fa-solid&quot;},&quot;toggle&quot;:&quot;burger&quot;}\" data-widget_type=\"nav-menu.default\">\n\t\t\t\t<div class=\"elementor-widget-container\">\n\t\t\t\t\t\t\t\t<nav aria-label=\"Menu\" class=\"elementor-nav-menu--main elementor-nav-menu__container elementor-nav-menu--layout-horizontal e--pointer-underline e--animation-fade\">\n\t\t\t\t<ul id=\"menu-1-354c8b0\" class=\"elementor-nav-menu\"><li class=\"menu-item menu-item-type-custom menu-item-object-custom menu-item-has-children menu-item-2471\"><a href=\"#\" class=\"elementor-item elementor-item-anchor\">Produits<\/a>\n<ul class=\"sub-menu elementor-nav-menu--dropdown\">\n\t<li class=\"menu-item menu-item-type-post_type menu-item-object-page menu-item-2474\"><a href=\"https:\/\/idcmi.net\/fr\/non-combustible-a2-aluminum-composite-panel\/\" class=\"elementor-sub-item\">Incombustible A2 ACP<\/a><\/li>\n\t<li class=\"menu-item menu-item-type-post_type menu-item-object-page menu-item-2473\"><a href=\"https:\/\/idcmi.net\/fr\/fire-retardant-b-aluminum-composite-panel\/\" class=\"elementor-sub-item\">Ignifuge B ACP<\/a><\/li>\n<\/ul>\n<\/li>\n<li class=\"menu-item menu-item-type-custom menu-item-object-custom menu-item-has-children menu-item-2475\"><a href=\"#\" class=\"elementor-item elementor-item-anchor\">Sp\u00e9cificit\u00e9s<\/a>\n<ul class=\"sub-menu elementor-nav-menu--dropdown\">\n\t<li class=\"menu-item menu-item-type-post_type menu-item-object-page menu-item-2479\"><a href=\"https:\/\/idcmi.net\/fr\/panel-dimension\/\" class=\"elementor-sub-item\">Dimensions des panneaux<\/a><\/li>\n\t<li class=\"menu-item menu-item-type-post_type menu-item-object-page menu-item-3774\"><a href=\"https:\/\/idcmi.net\/fr\/technical-specs\/\" class=\"elementor-sub-item\">Sp\u00e9cificit\u00e9s techniques<\/a><\/li>\n\t<li class=\"menu-item menu-item-type-post_type menu-item-object-page menu-item-2478\"><a href=\"https:\/\/idcmi.net\/fr\/panel-tolerance\/\" class=\"elementor-sub-item\">Tol\u00e9rance des panneaux<\/a><\/li>\n\t<li class=\"menu-item menu-item-type-post_type menu-item-object-page menu-item-2477\"><a href=\"https:\/\/idcmi.net\/fr\/applications\/\" class=\"elementor-sub-item\">Usages<\/a><\/li>\n\t<li class=\"menu-item menu-item-type-post_type menu-item-object-page menu-item-2476\"><a href=\"https:\/\/idcmi.net\/fr\/characteristics\/\" class=\"elementor-sub-item\">Caract\u00e9ristiques<\/a><\/li>\n<\/ul>\n<\/li>\n<li class=\"menu-item menu-item-type-post_type menu-item-object-page menu-item-2481\"><a href=\"https:\/\/idcmi.net\/fr\/colour-chart\/\" class=\"elementor-item\">Charte des couleurs<\/a><\/li>\n<li class=\"menu-item menu-item-type-post_type menu-item-object-page menu-item-2480\"><a href=\"https:\/\/idcmi.net\/fr\/certificates-test-reports\/\" class=\"elementor-item\">Certificats et rapports de test<\/a><\/li>\n<li class=\"menu-item menu-item-type-custom menu-item-object-custom menu-item-has-children menu-item-3490\"><a href=\"#\" class=\"elementor-item elementor-item-anchor\">Projets<\/a>\n<ul class=\"sub-menu elementor-nav-menu--dropdown\">\n\t<li class=\"menu-item menu-item-type-post_type menu-item-object-page menu-item-2482\"><a href=\"https:\/\/idcmi.net\/fr\/idcmi-management\/\" class=\"elementor-sub-item\">Gestion de IDCMI<\/a><\/li>\n\t<li class=\"menu-item menu-item-type-post_type menu-item-object-page menu-item-3494\"><a href=\"https:\/\/idcmi.net\/fr\/al-shark-platform\/\" class=\"elementor-sub-item\">Plateforme Al Shark<\/a><\/li>\n\t<li class=\"menu-item menu-item-type-post_type menu-item-object-page menu-item-3491\"><a href=\"https:\/\/idcmi.net\/fr\/group-nine-company\/\" class=\"elementor-sub-item\">Entreprises Group Nine<\/a><\/li>\n\t<li class=\"menu-item menu-item-type-post_type menu-item-object-page menu-item-3492\"><a href=\"https:\/\/idcmi.net\/fr\/arak-al-nokhba\/\" class=\"elementor-sub-item\">Arak Al Nokhba<\/a><\/li>\n<\/ul>\n<\/li>\n<\/ul>\t\t\t<\/nav>\n\t\t\t\t\t<div class=\"elementor-menu-toggle\" role=\"button\" tabindex=\"0\" aria-label=\"Menu Toggle\" aria-expanded=\"false\">\n\t\t\t<i aria-hidden=\"true\" role=\"presentation\" class=\"elementor-menu-toggle__icon--open eicon-menu-bar\"><\/i><i aria-hidden=\"true\" role=\"presentation\" class=\"elementor-menu-toggle__icon--close eicon-close\"><\/i>\t\t\t<span class=\"elementor-screen-only\">Menu<\/span>\n\t\t<\/div>\n\t\t\t\t\t<nav class=\"elementor-nav-menu--dropdown elementor-nav-menu__container\" aria-hidden=\"true\">\n\t\t\t\t<ul id=\"menu-2-354c8b0\" class=\"elementor-nav-menu\"><li class=\"menu-item menu-item-type-custom menu-item-object-custom menu-item-has-children menu-item-2471\"><a href=\"#\" class=\"elementor-item elementor-item-anchor\" tabindex=\"-1\">Produits<\/a>\n<ul class=\"sub-menu elementor-nav-menu--dropdown\">\n\t<li class=\"menu-item menu-item-type-post_type menu-item-object-page menu-item-2474\"><a href=\"https:\/\/idcmi.net\/fr\/non-combustible-a2-aluminum-composite-panel\/\" class=\"elementor-sub-item\" tabindex=\"-1\">Incombustible A2 ACP<\/a><\/li>\n\t<li class=\"menu-item menu-item-type-post_type menu-item-object-page menu-item-2473\"><a href=\"https:\/\/idcmi.net\/fr\/fire-retardant-b-aluminum-composite-panel\/\" class=\"elementor-sub-item\" tabindex=\"-1\">Ignifuge B ACP<\/a><\/li>\n<\/ul>\n<\/li>\n<li class=\"menu-item menu-item-type-custom menu-item-object-custom menu-item-has-children menu-item-2475\"><a href=\"#\" class=\"elementor-item elementor-item-anchor\" tabindex=\"-1\">Sp\u00e9cificit\u00e9s<\/a>\n<ul class=\"sub-menu elementor-nav-menu--dropdown\">\n\t<li class=\"menu-item menu-item-type-post_type menu-item-object-page menu-item-2479\"><a href=\"https:\/\/idcmi.net\/fr\/panel-dimension\/\" class=\"elementor-sub-item\" tabindex=\"-1\">Dimensions des panneaux<\/a><\/li>\n\t<li class=\"menu-item menu-item-type-post_type menu-item-object-page menu-item-3774\"><a href=\"https:\/\/idcmi.net\/fr\/technical-specs\/\" class=\"elementor-sub-item\" tabindex=\"-1\">Sp\u00e9cificit\u00e9s techniques<\/a><\/li>\n\t<li class=\"menu-item menu-item-type-post_type menu-item-object-page menu-item-2478\"><a href=\"https:\/\/idcmi.net\/fr\/panel-tolerance\/\" class=\"elementor-sub-item\" tabindex=\"-1\">Tol\u00e9rance des panneaux<\/a><\/li>\n\t<li class=\"menu-item menu-item-type-post_type menu-item-object-page menu-item-2477\"><a href=\"https:\/\/idcmi.net\/fr\/applications\/\" class=\"elementor-sub-item\" tabindex=\"-1\">Usages<\/a><\/li>\n\t<li class=\"menu-item menu-item-type-post_type menu-item-object-page menu-item-2476\"><a href=\"https:\/\/idcmi.net\/fr\/characteristics\/\" class=\"elementor-sub-item\" tabindex=\"-1\">Caract\u00e9ristiques<\/a><\/li>\n<\/ul>\n<\/li>\n<li class=\"menu-item menu-item-type-post_type menu-item-object-page menu-item-2481\"><a href=\"https:\/\/idcmi.net\/fr\/colour-chart\/\" class=\"elementor-item\" tabindex=\"-1\">Charte des couleurs<\/a><\/li>\n<li class=\"menu-item menu-item-type-post_type menu-item-object-page menu-item-2480\"><a href=\"https:\/\/idcmi.net\/fr\/certificates-test-reports\/\" class=\"elementor-item\" tabindex=\"-1\">Certificats et rapports de test<\/a><\/li>\n<li class=\"menu-item menu-item-type-custom menu-item-object-custom menu-item-has-children menu-item-3490\"><a href=\"#\" class=\"elementor-item elementor-item-anchor\" tabindex=\"-1\">Projets<\/a>\n<ul class=\"sub-menu elementor-nav-menu--dropdown\">\n\t<li class=\"menu-item menu-item-type-post_type menu-item-object-page menu-item-2482\"><a href=\"https:\/\/idcmi.net\/fr\/idcmi-management\/\" class=\"elementor-sub-item\" tabindex=\"-1\">Gestion de IDCMI<\/a><\/li>\n\t<li class=\"menu-item menu-item-type-post_type menu-item-object-page menu-item-3494\"><a href=\"https:\/\/idcmi.net\/fr\/al-shark-platform\/\" class=\"elementor-sub-item\" tabindex=\"-1\">Plateforme Al Shark<\/a><\/li>\n\t<li class=\"menu-item menu-item-type-post_type menu-item-object-page menu-item-3491\"><a href=\"https:\/\/idcmi.net\/fr\/group-nine-company\/\" class=\"elementor-sub-item\" tabindex=\"-1\">Entreprises Group Nine<\/a><\/li>\n\t<li class=\"menu-item menu-item-type-post_type menu-item-object-page menu-item-3492\"><a href=\"https:\/\/idcmi.net\/fr\/arak-al-nokhba\/\" class=\"elementor-sub-item\" tabindex=\"-1\">Arak Al Nokhba<\/a><\/li>\n<\/ul>\n<\/li>\n<\/ul>\t\t\t<\/nav>\n\t\t\t\t\t\t<\/div>\n\t\t\t\t<\/div>\n\t\t            <\/div>\r\n        <\/div>\r\n        \t\t\t<\/div>\r\n\t\t<\/section>\r\n\t\t\t\t<section class=\"elementor-section elementor-top-section elementor-element elementor-element-24bc2aa6 elementor-section-stretched elementor-section-boxed elementor-section-height-default elementor-section-height-default\" data-id=\"24bc2aa6\" data-element_type=\"section\" data-settings=\"{&quot;background_background&quot;:&quot;classic&quot;,&quot;stretch_section&quot;:&quot;section-stretched&quot;,&quot;_ha_eqh_enable&quot;:false}\">\r\n\t\t\t\t\t\t\t<div class=\"elementor-background-overlay\"><\/div>\r\n\t\t\t\t\t\t\t<div class=\"elementor-container elementor-column-gap-default\" >\r\n\t\t\t        <div class=\"elementor-column elementor-col-50 elementor-top-column elementor-element elementor-element-2c764008\" data-id=\"2c764008\" data-element_type=\"column\">\r\n            <div class=\"elementor-widget-wrap elementor-element-populated\">\r\n                \t\t<div class=\"elementor-element elementor-element-37eb76fa elementor-widget elementor-widget-heading\" data-id=\"37eb76fa\" data-element_type=\"widget\" data-widget_type=\"heading.default\">\n\t\t\t\t<div class=\"elementor-widget-container\">\n\t\t\t\t\t<h2 class=\"elementor-heading-title elementor-size-default\">Les panneaux d\u2019aluminium composites<\/h2>\t\t\t\t<\/div>\n\t\t\t\t<\/div>\n\t\t\t\t<div class=\"elementor-element elementor-element-48fc7fe5 elementor-widget elementor-widget-text-editor\" data-id=\"48fc7fe5\" data-element_type=\"widget\" data-widget_type=\"text-editor.default\">\n\t\t\t\t<div class=\"elementor-widget-container\">\n\t\t\t\t\t\t\t\t\t<blockquote><p><span style=\"color: #ffffff;\">fabriqu\u00e9s aux Emirats-arabes-unis par l\u2019Entreprise de D\u00e9veloppement International de l\u2019Industrie du M\u00e9tal, sont des mat\u00e9riaux uniques et polyvalents destin\u00e9s au rev\u00eatement des fa\u00e7ades ext\u00e9rieures et aux finitions int\u00e9rieures.<\/span><\/p><\/blockquote>\t\t\t\t\t\t\t\t<\/div>\n\t\t\t\t<\/div>\n\t\t            <\/div>\r\n        <\/div>\r\n                <div class=\"elementor-column elementor-col-50 elementor-top-column elementor-element elementor-element-1fddc043\" data-id=\"1fddc043\" data-element_type=\"column\" data-settings=\"{&quot;background_background&quot;:&quot;classic&quot;}\">\r\n            <div class=\"elementor-widget-wrap elementor-element-populated\">\r\n                \t\t<div class=\"elementor-element elementor-element-3730586 elementor-widget elementor-widget-image\" data-id=\"3730586\" data-element_type=\"widget\" data-widget_type=\"image.default\">\n\t\t\t\t<div class=\"elementor-widget-container\">\n\t\t\t\t\t\t\t\t\t\t\t\t\t\t\t<img fetchpriority=\"high\" decoding=\"async\" width=\"640\" height=\"640\" src=\"https:\/\/idcmi.net\/wp-content\/uploads\/2020\/12\/Fire-Retardant-A2-ACP-White-Core-2.png\" class=\"attachment-large size-large wp-image-1289\" alt=\"\" srcset=\"https:\/\/idcmi.net\/wp-content\/uploads\/2020\/12\/Fire-Retardant-A2-ACP-White-Core-2.png 640w, https:\/\/idcmi.net\/wp-content\/uploads\/2020\/12\/Fire-Retardant-A2-ACP-White-Core-2-300x300.png 300w, https:\/\/idcmi.net\/wp-content\/uploads\/2020\/12\/Fire-Retardant-A2-ACP-White-Core-2-150x150.png 150w, https:\/\/idcmi.net\/wp-content\/uploads\/2020\/12\/Fire-Retardant-A2-ACP-White-Core-2-600x600.png 600w\" sizes=\"(max-width: 640px) 100vw, 640px\" \/>\t\t\t\t\t\t\t\t\t\t\t\t\t\t\t<\/div>\n\t\t\t\t<\/div>\n\t\t            <\/div>\r\n        <\/div>\r\n        \t\t\t<\/div>\r\n\t\t<\/section>\r\n\t\t\t\t<section class=\"elementor-section elementor-top-section elementor-element elementor-element-1c231c1 elementor-section-boxed elementor-section-height-default elementor-section-height-default\" data-id=\"1c231c1\" data-element_type=\"section\" data-settings=\"{&quot;_ha_eqh_enable&quot;:false}\">\r\n\t\t\t\t\t\t<div class=\"elementor-container elementor-column-gap-default\" >\r\n\t\t\t        <div class=\"elementor-column elementor-col-100 elementor-top-column elementor-element elementor-element-6261a65\" data-id=\"6261a65\" data-element_type=\"column\">\r\n            <div class=\"elementor-widget-wrap elementor-element-populated\">\r\n                \t\t<div class=\"elementor-element elementor-element-90cd5a1 elementor-headline--style-highlight elementor-widget elementor-widget-animated-headline\" data-id=\"90cd5a1\" data-element_type=\"widget\" data-settings=\"{&quot;marker&quot;:&quot;double_underline&quot;,&quot;highlighted_text&quot;:&quot;Our Product Can Be Classified &quot;,&quot;headline_style&quot;:&quot;highlight&quot;,&quot;loop&quot;:&quot;yes&quot;,&quot;highlight_animation_duration&quot;:1200,&quot;highlight_iteration_delay&quot;:8000}\" data-widget_type=\"animated-headline.default\">\n\t\t\t\t<div class=\"elementor-widget-container\">\n\t\t\t\t\t\t\t<h3 class=\"elementor-headline\">\n\t\t\t\t<span class=\"elementor-headline-dynamic-wrapper elementor-headline-text-wrapper\">\n\t\t\t\t\t<span class=\"elementor-headline-dynamic-text elementor-headline-text-active\">Nos produits peuvent \u00eatre class\u00e9s <\/span>\n\t\t\t\t<\/span>\n\t\t\t\t<\/h3>\n\t\t\t\t\t\t<\/div>\n\t\t\t\t<\/div>\n\t\t\t\t<section data-ha-partstyle=\"default\" data-ha-partcolor=\"\" data-ha-partopacity=\"\" data-ha-partdirection=\"bottom\" class=\"elementor-section elementor-inner-section elementor-element elementor-element-dc3430d ha-particle-yes elementor-section-boxed elementor-section-height-default elementor-section-height-default ha-particle-adv-no\" data-id=\"dc3430d\" data-element_type=\"section\" data-settings=\"{&quot;_ha_eqh_enable&quot;:false}\">\r\n\t\t\t\t\t\t<div class=\"elementor-container elementor-column-gap-default\" >\r\n\t\t\t        <div class=\"elementor-column elementor-col-50 elementor-inner-column elementor-element elementor-element-c872160\" data-id=\"c872160\" data-element_type=\"column\">\r\n            <div class=\"elementor-widget-wrap elementor-element-populated\">\r\n                \t\t<div class=\"elementor-element elementor-element-b1bfd38 ha-infobox-media-dir-top elementor-widget elementor-widget-ha-infobox happy-addon ha-infobox\" data-id=\"b1bfd38\" data-element_type=\"widget\" data-widget_type=\"ha-infobox.default\">\n\t\t\t\t<div class=\"elementor-widget-container\">\n\t\t\t\t\t\n\t\t\t\t\t<figure class=\"ha-infobox-figure ha-infobox-figure--image\">\n\t\t\t\t<img decoding=\"async\" width=\"150\" height=\"150\" src=\"https:\/\/idcmi.net\/wp-content\/uploads\/2020\/12\/Icon1-150x150.png\" class=\"elementor-animation-disable-animation attachment-thumbnail size-thumbnail wp-image-1302\" alt=\"\" srcset=\"https:\/\/idcmi.net\/wp-content\/uploads\/2020\/12\/Icon1-150x150.png 150w, https:\/\/idcmi.net\/wp-content\/uploads\/2020\/12\/Icon1.png 250w\" sizes=\"(max-width: 150px) 100vw, 150px\" \/>\t\t\t<\/figure>\n\t\t\n\t\t<div class=\"ha-infobox-body\">\n\t\t\t<h2 class=\"ha-infobox-title\">Incombustibles<\/h2>\n\t\t\t\t\t\t\t<div class=\"ha-infobox-text\">\n\t\t\t\t\t<p>Panneaux d\u2019aluminium composites de Cat\u00e9gorie A2<\/p>\n\t\t\t\t<\/div>\n\t\t\t\n\t\t\t<a class=\"ha-btn ha-btn--link\" href=\"https:\/\/idcmi.net\/fr\/non-combustible-a2-aluminum-composite-panel\/\"><span class=\"ha-btn-text\">Plus d\u2019information<\/span><\/a>\t\t<\/div>\n\t\t\t\t\t\t<\/div>\n\t\t\t\t<\/div>\n\t\t            <\/div>\r\n        <\/div>\r\n                <div class=\"elementor-column elementor-col-50 elementor-inner-column elementor-element elementor-element-720b368e\" data-id=\"720b368e\" data-element_type=\"column\">\r\n            <div class=\"elementor-widget-wrap elementor-element-populated\">\r\n                \t\t<div class=\"elementor-element elementor-element-6d9c553 ha-infobox-media-dir-top elementor-widget elementor-widget-ha-infobox happy-addon ha-infobox\" data-id=\"6d9c553\" data-element_type=\"widget\" data-widget_type=\"ha-infobox.default\">\n\t\t\t\t<div class=\"elementor-widget-container\">\n\t\t\t\t\t\n\t\t\t\t\t<figure class=\"ha-infobox-figure ha-infobox-figure--image\">\n\t\t\t\t<img decoding=\"async\" width=\"150\" height=\"150\" src=\"https:\/\/idcmi.net\/wp-content\/uploads\/2020\/12\/Icon2-150x150.png\" class=\"elementor-animation-disable-animation attachment-thumbnail size-thumbnail wp-image-1303\" alt=\"\" srcset=\"https:\/\/idcmi.net\/wp-content\/uploads\/2020\/12\/Icon2-150x150.png 150w, https:\/\/idcmi.net\/wp-content\/uploads\/2020\/12\/Icon2-300x300.png 300w\" sizes=\"(max-width: 150px) 100vw, 150px\" \/>\t\t\t<\/figure>\n\t\t\n\t\t<div class=\"ha-infobox-body\">\n\t\t\t<h2 class=\"ha-infobox-title\">Ignifuges<\/h2>\n\t\t\t\t\t\t\t<div class=\"ha-infobox-text\">\n\t\t\t\t\t<p>Panneaux d\u2019aluminium composites de Cat\u00e9gorie B<\/p>\n\t\t\t\t<\/div>\n\t\t\t\n\t\t\t<a class=\"ha-btn ha-btn--link\" href=\"https:\/\/idcmi.net\/fr\/fire-retardant-b-aluminum-composite-panel\/\"><span class=\"ha-btn-text\">Plus d\u2019information<\/span><\/a>\t\t<\/div>\n\t\t\t\t\t\t<\/div>\n\t\t\t\t<\/div>\n\t\t            <\/div>\r\n        <\/div>\r\n        \t\t\t<\/div>\r\n\t\t<\/section>\r\n\t\t            <\/div>\r\n        <\/div>\r\n        \t\t\t<\/div>\r\n\t\t<\/section>\r\n\t\t\t\t<\/div>","protected":false},"excerpt":{"rendered":"<p>Aluminum Composite Panels Aluminum \u200bComposite Panels The Aluminum Composite Panels manufactured in the United Arab Emirates by International Development Company Metal Industries is a unique and versatile material used for outside fa\u00e7ade cladding as well as interior finishing. Our Product Can Be Classified Non-Combustible\u200b Class A2 Aluminum Composite Panel\u200b More Information Fire Retardant \u200b Class [&hellip;]<\/p>","protected":false},"author":1,"featured_media":0,"parent":0,"menu_order":0,"comment_status":"closed","ping_status":"closed","template":"","meta":{"om_disable_all_campaigns":false,"_monsterinsights_skip_tracking":false,"_monsterinsights_sitenote_active":false,"_monsterinsights_sitenote_note":"","_monsterinsights_sitenote_category":0,"footnotes":""},"class_list":["post-1274","page","type-page","status-publish","hentry"],"_links":{"self":[{"href":"https:\/\/idcmi.net\/fr\/wp-json\/wp\/v2\/pages\/1274","targetHints":{"allow":["GET"]}}],"collection":[{"href":"https:\/\/idcmi.net\/fr\/wp-json\/wp\/v2\/pages"}],"about":[{"href":"https:\/\/idcmi.net\/fr\/wp-json\/wp\/v2\/types\/page"}],"author":[{"embeddable":true,"href":"https:\/\/idcmi.net\/fr\/wp-json\/wp\/v2\/users\/1"}],"replies":[{"embeddable":true,"href":"https:\/\/idcmi.net\/fr\/wp-json\/wp\/v2\/comments?post=1274"}],"version-history":[{"count":203,"href":"https:\/\/idcmi.net\/fr\/wp-json\/wp\/v2\/pages\/1274\/revisions"}],"predecessor-version":[{"id":4366,"href":"https:\/\/idcmi.net\/fr\/wp-json\/wp\/v2\/pages\/1274\/revisions\/4366"}],"wp:attachment":[{"href":"https:\/\/idcmi.net\/fr\/wp-json\/wp\/v2\/media?parent=1274"}],"curies":[{"name":"wp","href":"https:\/\/api.w.org\/{rel}","templated":true}]}}